{"id":3,"date":"2021-11-18T14:54:09","date_gmt":"2021-11-18T20:54:09","guid":{"rendered":"https:\/\/laveneciana.mx\/?page_id=3"},"modified":"2021-11-30T10:41:22","modified_gmt":"2021-11-30T16:41:22","slug":"aviso-de-privacidad","status":"publish","type":"page","link":"https:\/\/laveneciana.mx\/es_es\/aviso-de-privacidad","title":{"rendered":"Pol\u00edtica de Privacidad"},"content":{"rendered":"<div data-elementor-type=\"wp-page\" data-elementor-id=\"3\" class=\"elementor elementor-3\" data-elementor-post-type=\"page\">\n\t\t\t\t\t\t<section class=\"elementor-section elementor-top-section elementor-element elementor-element-17e2e3ce elementor-section-boxed elementor-section-height-default elementor-section-height-default\" data-id=\"17e2e3ce\" data-element_type=\"section\" data-settings=\"{&quot;ekit_has_onepagescroll_dot&quot;:&quot;yes&quot;}\">\n\t\t\t\t\t\t<div class=\"elementor-container elementor-column-gap-default\">\n\t\t\t\t\t<div class=\"elementor-column elementor-col-100 elementor-top-column elementor-element elementor-element-41e8fb52\" data-id=\"41e8fb52\" data-element_type=\"column\">\n\t\t\t<div class=\"elementor-widget-wrap elementor-element-populated\">\n\t\t\t\t\t\t<div class=\"elementor-element elementor-element-151f36ce elementor-widget elementor-widget-text-editor\" data-id=\"151f36ce\" data-element_type=\"widget\" data-settings=\"{&quot;ekit_we_effect_on&quot;:&quot;none&quot;}\" data-widget_type=\"text-editor.default\">\n\t\t\t\t<div class=\"elementor-widget-container\">\n\t\t\t<style>\/*! elementor - v3.19.0 - 07-02-2024 *\/\n.elementor-widget-text-editor.elementor-drop-cap-view-stacked .elementor-drop-cap{background-color:#69727d;color:#fff}.elementor-widget-text-editor.elementor-drop-cap-view-framed .elementor-drop-cap{color:#69727d;border:3px solid;background-color:transparent}.elementor-widget-text-editor:not(.elementor-drop-cap-view-default) .elementor-drop-cap{margin-top:8px}.elementor-widget-text-editor:not(.elementor-drop-cap-view-default) .elementor-drop-cap-letter{width:1em;height:1em}.elementor-widget-text-editor .elementor-drop-cap{float:left;text-align:center;line-height:1;font-size:50px}.elementor-widget-text-editor .elementor-drop-cap-letter{display:inline-block}<\/style>\t\t\t\t<p><!-- wp:heading --><\/p>\n<h5><strong>Ley Federal de Protecci\u00f3n de Datos Personales en Posesi\u00f3n de los Particulares:<\/strong><\/h5>\n<p><span style=\"font-size: medium;\"><strong>Responsable de la protecci\u00f3n de sus Datos Personales:<\/strong><\/span><br \/><strong>Conservas La Veneciana S.A. de C.V.<\/strong>, con domicilio en\u00a0<strong>Oriente 217 No. 222, Col. Agr\u00edcola Oriental, Iztacalco; M\u00e9xico D.F. CP-08500<\/strong>, es la Empresa responsable del tratamiento de sus datos personales.<br \/><span style=\"font-size: medium;\"><strong><br \/>Forma y medios de contacto:<\/strong><\/span><br \/>Puede contactarnos, redactando un documento dirigido al Director de la Empresa y hacerlo llegar por correo electr\u00f3nico a la siguiente direcci\u00f3n electr\u00f3nica:\u00a0<strong>direccion@laveneciana.mx<\/strong>; v\u00eda correo postal a la siguiente direcci\u00f3n:\u00a0<strong>Oriente 217 No. 222, Col. Agr\u00edcola Oriental, Iztacalco; M\u00e9xico D.F. CP-08500,<\/strong>\u00a0o llamando al tel\u00e9fono:\u00a0<strong>(55) 5558-3077.<\/strong><br \/><span style=\"font-size: medium;\"><strong><br \/>Fines de los Datos Personales recabados<\/strong><\/span><br \/>Sus datos personales ser\u00e1n utilizados para fines de seguimiento, actualizaci\u00f3n y confirmaci\u00f3n en cuanto a productos y servicios que ofrecemos; con fines promocionales y de contrataci\u00f3n; con fines financieros y crediticios; dar cumplimiento a obligaciones contra\u00eddas con nuestros clientes; Evaluar la calidad del servicio; realizar estudios sobre h\u00e1bitos de consumo y preferencias.<br \/><span style=\"font-size: medium;\"><strong><br \/>Datos recabados y medios de obtenci\u00f3n de Datos Personales<\/strong><\/span><br \/>Los datos personales que recabamos de usted, con los fines descritos en el presente aviso de privacidad, son recabados de manera personal, cuando usted nos los proporciona directamente, por v\u00eda de nuestro Portal en Internet<strong>: https:\/\/laveneciana.mx<\/strong>\u00a0cuando ingresa sus datos o utiliza nuestros servicios en l\u00ednea, y cuando obtenemos informaci\u00f3n a trav\u00e9s de otras fuentes que est\u00e1n permitidas por la Ley.<br \/>Los datos personales que recabamos de forma directa cuando usted mismo nos los proporciona por diversos medios, como cuando los proporciona para solicitar informaci\u00f3n o cuando contrata con nosotros alg\u00fan producto o servicio.<br \/>Los datos que recabamos de manera directa y v\u00eda Internet, son los siguientes: Nombre y apellidos, su direcci\u00f3n de correo electr\u00f3nico y un n\u00famero telef\u00f3nico.<br \/>Toda vez que la Ley permite otras fuentes de allegarnos de informaci\u00f3n como lo son directorios telef\u00f3nicos, de servicios y laborales, y ferias y exposiciones, tambi\u00e9n podremos obtener los mismos datos incluyendo la direcci\u00f3n f\u00edsica.<br \/><span style=\"font-size: medium;\"><strong><br \/>Limitaciones al uso de datos<\/strong><\/span><br \/>Usted puede cancelar su suscripci\u00f3n para recibir promociones, ofertas y servicios de manera telef\u00f3nica, por correo electr\u00f3nico y v\u00eda correo postal haciendo llegar una carta escrita donde indique su solicitud y los datos necesarios como lo son Nombre completo (nombre o nombres y apellido o apellidos) copia simple de su identificaci\u00f3n oficial o en medios electr\u00f3nicos versi\u00f3n digitalizada de la misma (escaneo), y su direcci\u00f3n electr\u00f3nica a la direcci\u00f3n mencionada anteriormente.<br \/><span style=\"font-size: medium;\"><strong><br \/>Ejercicio de los Derechos ARCO<\/strong><\/span><br \/>Usted tiene derecho de acceder a los datos personales que poseemos, a los detalles de tratamiento de los mismos, a la rectificaci\u00f3n en el caso de ser estos inexactos o incompletos, a cancelarlos cuando sea su consideraci\u00f3n que no son necesarios para alguna de las finalidades contenidas en el presente Aviso de Privacidad, que son utilizados para finalidades no consentidas y finalmente a oponerse al tratamiento de dichos datos para fines espec\u00edficos y que deber\u00e1 de manera clara expresar.<br \/><span style=\"font-size: medium;\"><strong><br \/>Mecanismos para el ejercicio de los Derechos ARCO<\/strong><\/span><br \/>Los Derechos antes descritos se ejercen a trav\u00e9s de la presentaci\u00f3n de la solicitud respectiva que por escrito debe de enviar a la direcci\u00f3n mencionada, o bien comunicarse al tel\u00e9fono:\u00a0<strong>(55) 5558-3077.<\/strong><br \/>El plazo para atender su solicitud ser\u00e1 en un m\u00e1ximo de cinco d\u00edas h\u00e1biles contados a partir de la fecha de recepci\u00f3n de su solicitud de acceso, rectificaci\u00f3n, cancelaci\u00f3n u oposici\u00f3n.<br \/>Le hacemos patente que es el Instituto Federal de Acceso a la Informaci\u00f3n y Protecci\u00f3n de Datos Personales quien tiene encomendado velar por sus derechos ARCO y el encargado de regular y verificar la observancia de la Ley.<br \/><span style=\"font-size: medium;\"><strong><br \/>Derecho de revocar su consentimiento para el tratamiento de datos<\/strong><\/span><br \/>En todo tiempo usted puede revocar el consentimiento que nos ha entregado para el tratamiento de sus datos personales con el prop\u00f3sito que se deje de hacer uso de los mismos, para ello es necesario que presente su petici\u00f3n seg\u00fan descrito en \u00e9ste mismo aviso en la parte de \u201cForma y medios de Contacto\u201d.<br \/>Su solicitud deber\u00e1 indicar Nombre completo (nombre o nombres y apellido o apellidos) copia simple de su identificaci\u00f3n oficial o, en medios electr\u00f3nicos, versi\u00f3n digitalizada de la misma (escaneo), indicaci\u00f3n del correo electr\u00f3nico o direcci\u00f3n f\u00edsica que designe para notificaciones y alg\u00fan n\u00famero telef\u00f3nico de contacto.<br \/>En un plazo m\u00e1ximo de cinco d\u00edas h\u00e1biles contados a partir de la fecha de recepci\u00f3n de su solicitud de revocaci\u00f3n le daremos contestaci\u00f3n sobre la procedencia de la misma, por medio de correo electr\u00f3nico dirigido a su persona, enviado a la direcci\u00f3n de correo electr\u00f3nico que haya indicado en la propia solicitud o enviando carta al domicilio f\u00edsico que haya indicado a tales efectos (los cinco d\u00edas se dar\u00e1n por cumplidos al momento de entregar el documento al servicio postal)<br \/><span style=\"font-size: medium;\"><strong><br \/>Modificaciones al presente aviso de privacidad<\/strong><\/span><br \/>Nos queda reservado el derecho de efectuar, en cualquier tiempo, modificaciones o actualizaciones al presente aviso de privacidad.<br \/>Las modificaciones que se efect\u00faen se pondr\u00e1n a disposici\u00f3n del p\u00fablico a trav\u00e9s de nuestra p\u00e1gina en Internet.<br \/><span style=\"font-size: medium;\"><strong><br \/>Informaci\u00f3n en Internet<\/strong><\/span><br \/>Hacemos de su conocimiento que cuando accede a nuestro Portal en Internet es recibida por nuestra parte informaci\u00f3n referente a sus cookies (t\u00e9rmino definido abajo en la parte de Definiciones) y web beacons (t\u00e9rmino definido abajo en la parte de Definiciones) para obtener informaci\u00f3n como lo es su tipo de navegador y sistema operativo, las p\u00e1ginas de Internet que ha visitado recientemente, los v\u00ednculos que recientemente ha seguido, la direcci\u00f3n IP de su computadora, el sitio que cerro antes de entrar a nuestro portal en Internet.<br \/><span style=\"font-size: medium;\"><strong><br \/>Datos personales sensibles<\/strong><\/span><br \/>Hacemos de su conocimiento que sus datos personales sensibles ser\u00e1n tratados con las m\u00e1s estrictas medidas de seguridad para garantizar su confidencialidad.<br \/><span style=\"font-size: medium;\"><strong><br \/>Definiciones<\/strong><\/span><br \/>Se entiende para efectos del presente aviso de Privacidad lo siguiente:<br \/><strong>I.-Cookies.-<\/strong>\u00a0Son los archivos de texto que se descargan autom\u00e1ticamente y se almacenan en el disco duro del equipo de c\u00f3mputo del usuario al navegar en una p\u00e1gina o portal de Internet espec\u00edfico, que permiten almacenar al servidor de Internet ciertos datos, entre ellos, paginas preferidas de visualizaci\u00f3n en Internet, algunas claves y contrase\u00f1as.<br \/><strong>II.-D\u00edas.-\u00a0<\/strong>Por disposici\u00f3n del Art\u00edculo 3\u00b0 en su fracci\u00f3n VII de la Ley Federal de Protecci\u00f3n de Datos Personales en Posesi\u00f3n De los Particulares los plazos y tiempos estipulados en d\u00edas, se contar\u00e1n en d\u00edas h\u00e1biles.<br \/><strong>III.- Derechos ARCO.<\/strong>&#8211; Son los Derechos de Acceso, Rectificaci\u00f3n, Cancelaci\u00f3n y Oposici\u00f3n, consagrados de en la Ley que por sus siglas forman dicha palabra.<br \/><strong>IV.-Ley.<\/strong>-Hacer referencia a la\u00a0 Ley Federal de Protecci\u00f3n de Datos Personales en Posesi\u00f3n De los Particulares,\u00a0 publicada en el Diario Oficial de la Federaci\u00f3n el 5 de julio de 2010.<br \/><strong>V.-Web beacons<\/strong>.-Im\u00e1genes insertadas en p\u00e1ginas o portales de Internet as\u00ed como en correos electr\u00f3nicos y que entre otros pueden almacenar informaci\u00f3n de la direcci\u00f3n IP del usuario, tiempo de interacci\u00f3n en los sitios WEB, entre otros.<\/p>\n<p><!-- \/wp:paragraph --><!-- wp:heading --><!-- \/wp:paragraph --><\/p>\t\t\t\t\t\t<\/div>\n\t\t\t\t<\/div>\n\t\t\t\t\t<\/div>\n\t\t<\/div>\n\t\t\t\t\t<\/div>\n\t\t<\/section>\n\t\t\t\t<\/div>","protected":false},"excerpt":{"rendered":"<p>Ley Federal de Protecci\u00f3n de Datos Personales en Posesi\u00f3n de los Particulares: Responsable de la protecci\u00f3n de sus Datos Personales:Conservas La Veneciana S.A. de C.V., con domicilio en\u00a0Oriente 217 No. 222, Col. Agr\u00edcola Oriental, Iztacalco; M\u00e9xico D.F. CP-08500, es la Empresa responsable del tratamiento de sus datos personales.Forma y medios de contacto:Puede contactarnos, redactando un [&hellip;]<\/p>","protected":false},"author":1,"featured_media":0,"parent":0,"menu_order":0,"comment_status":"closed","ping_status":"closed","template":"","meta":{"footnotes":""},"_links":{"self":[{"href":"https:\/\/laveneciana.mx\/es_es\/wp-json\/wp\/v2\/pages\/3"}],"collection":[{"href":"https:\/\/laveneciana.mx\/es_es\/wp-json\/wp\/v2\/pages"}],"about":[{"href":"https:\/\/laveneciana.mx\/es_es\/wp-json\/wp\/v2\/types\/page"}],"author":[{"embeddable":true,"href":"https:\/\/laveneciana.mx\/es_es\/wp-json\/wp\/v2\/users\/1"}],"replies":[{"embeddable":true,"href":"https:\/\/laveneciana.mx\/es_es\/wp-json\/wp\/v2\/comments?post=3"}],"version-history":[{"count":8,"href":"https:\/\/laveneciana.mx\/es_es\/wp-json\/wp\/v2\/pages\/3\/revisions"}],"predecessor-version":[{"id":90,"href":"https:\/\/laveneciana.mx\/es_es\/wp-json\/wp\/v2\/pages\/3\/revisions\/90"}],"wp:attachment":[{"href":"https:\/\/laveneciana.mx\/es_es\/wp-json\/wp\/v2\/media?parent=3"}],"curies":[{"name":"wp","href":"https:\/\/api.w.org\/{rel}","templated":true}]}}