{"id":91,"date":"2021-11-30T10:41:51","date_gmt":"2021-11-30T16:41:51","guid":{"rendered":"https:\/\/laveneciana.mx\/?page_id=91"},"modified":"2021-11-30T11:11:36","modified_gmt":"2021-11-30T17:11:36","slug":"aviso-legal","status":"publish","type":"page","link":"https:\/\/laveneciana.mx\/es_es\/aviso-legal","title":{"rendered":"Aviso Legal"},"content":{"rendered":"<div data-elementor-type=\"wp-page\" data-elementor-id=\"91\" class=\"elementor elementor-91\" data-elementor-post-type=\"page\">\n\t\t\t\t\t\t<section class=\"elementor-section elementor-top-section elementor-element elementor-element-6bedcad elementor-section-boxed elementor-section-height-default elementor-section-height-default\" data-id=\"6bedcad\" data-element_type=\"section\" data-settings=\"{&quot;ekit_has_onepagescroll_dot&quot;:&quot;yes&quot;}\">\n\t\t\t\t\t\t<div class=\"elementor-container elementor-column-gap-default\">\n\t\t\t\t\t<div class=\"elementor-column elementor-col-100 elementor-top-column elementor-element elementor-element-3c437b4\" data-id=\"3c437b4\" data-element_type=\"column\">\n\t\t\t<div class=\"elementor-widget-wrap elementor-element-populated\">\n\t\t\t\t\t\t<div class=\"elementor-element elementor-element-4a93390 elementor-widget elementor-widget-text-editor\" data-id=\"4a93390\" data-element_type=\"widget\" data-settings=\"{&quot;ekit_we_effect_on&quot;:&quot;none&quot;}\" data-widget_type=\"text-editor.default\">\n\t\t\t\t<div class=\"elementor-widget-container\">\n\t\t\t<style>\/*! elementor - v3.19.0 - 07-02-2024 *\/\n.elementor-widget-text-editor.elementor-drop-cap-view-stacked .elementor-drop-cap{background-color:#69727d;color:#fff}.elementor-widget-text-editor.elementor-drop-cap-view-framed .elementor-drop-cap{color:#69727d;border:3px solid;background-color:transparent}.elementor-widget-text-editor:not(.elementor-drop-cap-view-default) .elementor-drop-cap{margin-top:8px}.elementor-widget-text-editor:not(.elementor-drop-cap-view-default) .elementor-drop-cap-letter{width:1em;height:1em}.elementor-widget-text-editor .elementor-drop-cap{float:left;text-align:center;line-height:1;font-size:50px}.elementor-widget-text-editor .elementor-drop-cap-letter{display:inline-block}<\/style>\t\t\t\t<p>I. Usuarios:<br \/>El acceso a y\/o uso del sitio web de <strong>La Veneciana S.A. de C.V.<\/strong>\u00a0(www.laveneciana.mx) atribuye a quien lo realiza la condici\u00f3n de Usuario, aceptando, desde ese mismo momento, plenamente y sin reserva\u00a0alguna, las presentes condiciones generales, as\u00ed como las condiciones particulares que, en su caso\u00a0complementen, modifiquen o sustituyan las condiciones generales con relaci\u00f3n a determinados servicios y contenidos del sitio web.<br \/><strong><br \/>II. Uso del sitio Web, sus servicios y contenidos:<\/strong><br \/>El Usuario se compromete a utilizar el sitio Web y sus servicios y contenidos sin contravenir la legislaci\u00f3n vigente, la buena fe, los usos generalmente aceptados y el orden p\u00fablico.<br \/>As\u00ed mismo, queda prohibido el uso de la Web para fines il\u00edcitos o lesivos contra <strong>La Veneciana S.A. de C.V.<\/strong>, as\u00ed como a sus accionistas, representantes, filiales o cualquier tercero, que, de la forma que\u00a0fuese, puedan causar perjuicio o impedir el funcionamiento normal del sitio Web.<br \/>Respecto de los contenidos (documentos informativos, textos, gr\u00e1ficos, archivos de sonido y\/o\u00a0imagen, fotograf\u00edas, dise\u00f1os, etc.), <strong>se proh\u00edbe:<\/strong><br \/>Su reproducci\u00f3n, distribuci\u00f3n o modificaci\u00f3n, a menos que se cuente con la autorizaci\u00f3n, previa y\u00a0por escrito, de sus leg\u00edtimos titulares;<br \/>Cualquier vulneraci\u00f3n de los derechos de <strong>La Veneciana S.A. de C.V.<\/strong> sus accionistas, representantes,\u00a0filiales o afiliadas o de sus leg\u00edtimos titulares sobre los mismos; su utilizaci\u00f3n para cualquier tipo de fines comerciales o publicitarios, distintos de los\u00a0estrictamente permitidos; cualquier intento de obtener los contenidos del sitio web por cualquier medio, distinto de los que\u00a0se pongan a disposici\u00f3n de los usuarios; as\u00ed como de los que habitualmente se empleen en la red,\u00a0siempre que puedan causar perjuicio al sitio web de <strong>La Veneciana S.A. de C.V.<br \/><\/strong><strong style=\"font-size: 14px; color: var( --e-global-color-6fe00f6 );\"><br \/>III. Modificaci\u00f3n unilateral:<br \/><\/strong><strong style=\"font-size: 14px; color: var( --e-global-color-6fe00f6 );\">La Veneciana S.A. de C.V.<\/strong><span style=\"font-size: 14px; color: var( --e-global-color-6fe00f6 );\"> se reserva el derecho de modificar la estructura y dise\u00f1o del sitio Web,\u00a0<\/span><span style=\"font-size: 14px; color: var( --e-global-color-6fe00f6 );\">pudiendo agregar, eliminar o transformar accesos o interfaces al mismo y eventualmente\u00a0<\/span><span style=\"font-size: 14px; color: var( --e-global-color-6fe00f6 );\">variando sus contenidos as\u00ed como las condiciones de acceso y uso del mismo, seg\u00fan lo estime\u00a0<\/span><span style=\"font-size: 14px; color: var( --e-global-color-6fe00f6 );\">conveniente u oportuno, sin vulnerar derechos de terceros.<\/span><\/p><p><strong>IV. Hiperenlaces:<\/strong><br \/>La p\u00e1gina <strong>www.laveneciana.mx<\/strong> puede proporcionar enlaces a otros contenidos que son desarrollo\u00a0y propiedad de terceros. El \u00fanico objetivo de dichos enlaces es proporcionar al Usuario la\u00a0posibilidad de complementar la informaci\u00f3n de su inter\u00e9s a trav\u00e9s de dichos enlaces. Sin embargo,\u00a0<strong>La Veneciana S.A. de C.V.<\/strong> no ser\u00e1 responsable, en ning\u00fan caso, de los resultados que puedan derivarse\u00a0para el usuario por acceder a dichos enlaces, ni por los contenidos de los mismos.<br \/><strong><br \/>V. Exclusi\u00f3n de Garant\u00edas y responsabilidad:<\/strong><br \/><strong>La Veneciana S.A. de C.V.<\/strong>no otorga garant\u00eda alguna ni se hace responsable, en ning\u00fan caso, por los da\u00f1os y perjuicios de cualquier naturaleza que pudieran derivarse a causa de:<\/p><p>\u2022 La falta de disponibilidad, mantenimiento o funcionamiento de la Web y\/o de sus servicios\u00a0o contenidos, ya que toda la informaci\u00f3n de la Web aparece con fines meramente\u00a0informativos.<br \/>\u2022 La falta de utilidad, adecuaci\u00f3n o validez de la Web y\/o de sus servicios o contenidos para\u00a0satisfacer necesidades, actividades o resultados concretos o expectativas de los usuarios.<br \/>\u2022 La existencia de virus, programas maliciosos o lesivos en los contenidos.<br \/>\u2022 La recepci\u00f3n, obtenci\u00f3n, almacenamiento, difusi\u00f3n o transmisi\u00f3n, por parte de los usuarios, de los contenidos.<br \/>\u2022 Un manejo il\u00edcito, negligente, fraudulento, contrario la buena fe, al orden p\u00fablico, a los usos generalmente aceptados o contrario a las presentes condiciones generales; que los\u00a0usuarios hagan de web, sus servicios o contenidos.<br \/>\u2022 La falta de licitud, calidad, fiabilidad, utilidad y disponibilidad de los servicios prestados por terceros y puestos a disposici\u00f3n de los usuarios en el sitio web. El incumplimiento por\u00a0parte de terceros de sus obligaciones o compromisos con relaci\u00f3n a los servicios prestados\u00a0a los usuarios a trav\u00e9s del sitio web.\u00a0No obstante lo anterior, los usuarios que visitan el sitio web cuentan con la garant\u00eda de que\u00a0<strong>La Veneciana S.A. de C.V.,<\/strong> realiza sus mejores esfuerzos para garantizar su privacidad ofreciendo el uso\u00a0de un servidor seguro.<\/p><p><strong>VI. Datos alojados en servidor:<\/strong> Tratamiento de &#8220;<strong>cookies<\/strong>&#8220;:<br \/>Las &#8220;<strong>cookies<\/strong>&#8221; son peque\u00f1os archivos de texto que los navegadores web guardan en su\u00a0computadora cuando se visita un sitio web. Los archivos de texto que genera el sitio web de\u00a0<strong>La Veneciana S.A. de C.V.,<\/strong> tienen como finalidad facilitar el reconocimiento de los usuarios que lo\u00a0visitan, a fin de proporcionarles una mejor calidad de visita del sitio Web. Las &#8220;<strong>cookies<\/strong>&#8221; no\u00a0guardan informaci\u00f3n confidencial o dato personal alguno, como pudiese ser nombre o domicilio\u00a0de los usuarios. Las &#8220;<strong>cookies<\/strong>&#8221; simplemente contienen una clave que se lee en nuestro sitio web al\u00a0desplegar la informaci\u00f3n. Sin embargo, los usuarios pueden desactivar las &#8220;<strong>cookies<\/strong>&#8221; de su\u00a0computadora o permitir que su navegador les notifique cuando reciba una nueva &#8220;<strong>cookie<\/strong>&#8221; a trav\u00e9s\u00a0de la columna <strong>PREFERENCIAS<\/strong>, contenida en la p\u00e1gina del navegador.<br \/><strong><br \/>VII. Duraci\u00f3n:<\/strong><br \/>La duraci\u00f3n de la prestaci\u00f3n del servicio del sitio web y de sus servicios conexos es de car\u00e1cter\u00a0indefinido. Sin perjuicio de lo anterior, <strong>La Veneciana S.A. de C.V.,<\/strong> se reserva el derecho de interrumpir,\u00a0suspender o terminar la prestaci\u00f3n del servicio del web o de cualquiera de los servicios que lo<br \/>integran, en los mismos t\u00e9rminos establecidos en la condici\u00f3n tercera anterior.<br \/><strong><br \/>VIII. Propiedad Intelectual:<\/strong><br \/>Para efectos de preservar los derechos de propiedad intelectual, en el caso de que cualquier\u00a0usuario o un tercero considere que se ha producido una violaci\u00f3n de sus leg\u00edtimos derechos por la\u00a0introducci\u00f3n de un determinado contenido en el web, deber\u00e1 notificar dicha circunstancia a<br \/><strong>La Veneciana S.A. de C.V.,<\/strong> indicando:<br \/>\u2022 Datos personales del interesado titular de los derechos presuntamente infringidos. Si la\u00a0reclamaci\u00f3n la presenta un tercero distinto del interesado, deber\u00e1 indicar y acreditar la\u00a0representaci\u00f3n con la que act\u00faa;<br \/>\u2022 Indicaci\u00f3n de los contenidos protegidos por los derechos de propiedad intelectual y su\u00a0ubicaci\u00f3n en el web.<br \/>\u2022 Acreditaci\u00f3n de los citados derechos de propiedad intelectual.<br \/>\u2022 Declaraci\u00f3n expresa en la que el interesado se responsabiliza de la veracidad de las\u00a0informaciones facilitadas en la notificaci\u00f3n.<br \/>\u2022 La legitimidad de los derechos de propiedad intelectual o industrial correspondientes a los\u00a0contenidos aportados por terceros es de la exclusiva responsabilidad de los mismos.<\/p><p><strong>IX. Legislaci\u00f3n aplicable y Jurisdicci\u00f3n.<\/strong><br \/>Las presentes Condiciones Generales se regir\u00e1n por la legislaci\u00f3n mexicana.<br \/><strong>La Veneciana S.A. de C.V.,<\/strong> y el usuario, con renuncia expresa a cualquier otro fuero que pudiera\u00a0corresponderles, se someten a la jurisdicci\u00f3n de los juzgados y tribunales de M\u00e9xico, Distrito\u00a0Federal (<strong>CDMX<\/strong>) para cuantas cuestiones pudieran suscitarse o acciones ejercitarse derivadas de la\u00a0prestaci\u00f3n del servicio del web y de sus servicios y contenidos y sobre la interpretaci\u00f3n,\u00a0aplicaci\u00f3n, cumplimiento o incumplimiento de lo aqu\u00ed establecido.<\/p>\t\t\t\t\t\t<\/div>\n\t\t\t\t<\/div>\n\t\t\t\t\t<\/div>\n\t\t<\/div>\n\t\t\t\t\t<\/div>\n\t\t<\/section>\n\t\t\t\t<\/div>","protected":false},"excerpt":{"rendered":"<p>I. Usuarios:El acceso a y\/o uso del sitio web de La Veneciana S.A. de C.V.\u00a0(www.laveneciana.mx) atribuye a quien lo realiza la condici\u00f3n de Usuario, aceptando, desde ese mismo momento, plenamente y sin reserva\u00a0alguna, las presentes condiciones generales, as\u00ed como las condiciones particulares que, en su caso\u00a0complementen, modifiquen o sustituyan las condiciones generales con relaci\u00f3n a [&hellip;]<\/p>","protected":false},"author":1,"featured_media":0,"parent":0,"menu_order":0,"comment_status":"closed","ping_status":"closed","template":"","meta":{"footnotes":""},"_links":{"self":[{"href":"https:\/\/laveneciana.mx\/es_es\/wp-json\/wp\/v2\/pages\/91"}],"collection":[{"href":"https:\/\/laveneciana.mx\/es_es\/wp-json\/wp\/v2\/pages"}],"about":[{"href":"https:\/\/laveneciana.mx\/es_es\/wp-json\/wp\/v2\/types\/page"}],"author":[{"embeddable":true,"href":"https:\/\/laveneciana.mx\/es_es\/wp-json\/wp\/v2\/users\/1"}],"replies":[{"embeddable":true,"href":"https:\/\/laveneciana.mx\/es_es\/wp-json\/wp\/v2\/comments?post=91"}],"version-history":[{"count":8,"href":"https:\/\/laveneciana.mx\/es_es\/wp-json\/wp\/v2\/pages\/91\/revisions"}],"predecessor-version":[{"id":280,"href":"https:\/\/laveneciana.mx\/es_es\/wp-json\/wp\/v2\/pages\/91\/revisions\/280"}],"wp:attachment":[{"href":"https:\/\/laveneciana.mx\/es_es\/wp-json\/wp\/v2\/media?parent=91"}],"curies":[{"name":"wp","href":"https:\/\/api.w.org\/{rel}","templated":true}]}}