{"id":1200,"date":"2022-01-04T18:49:55","date_gmt":"2022-01-05T00:49:55","guid":{"rendered":"https:\/\/laveneciana.mx\/?post_type=product&#038;p=1200"},"modified":"2025-09-19T11:36:49","modified_gmt":"2025-09-19T17:36:49","slug":"crema-pastelera-de-vainilla-crema-bavara","status":"publish","type":"product","link":"https:\/\/laveneciana.mx\/es_es\/producto\/crema-pastelera-de-vainilla-crema-bavara","title":{"rendered":"Crema Pastelera de Vainilla, Crema B\u00e1vara"},"content":{"rendered":"<p>La crema pastelera tambi\u00e9n conocida como\u00a0<strong>Crema Bavaria<\/strong>\u00a0es la m\u00e1s conocida de las cremas dentro de la reposter\u00eda. Un acompa\u00f1amiento perfecto y sencillo para todo tipo de postres.<\/p>\n<ul>\n<li><strong>Caracter\u00edsticas:<\/strong>\u00a0 Sin contenido l\u00e1cteo por lo que no requiere refrigeraci\u00f3n dentro del envase. Vida de anaquel seis meses con el empaque cerrado.<\/li>\n<li><strong>Aplicaciones:<\/strong>\u00a0Se utiliza en reposter\u00eda como natilla o como relleno de boller\u00eda, cucuruchos, canutillos, empanadas, choux, eclair, pan dulce, etc. Si se diluye en agua o leche se obtiene crema inglesa.<\/li>\n<li><strong>Recomendaciones:\u00a0<\/strong>Se recomienda utilizar crema\u00a0<strong>La Veneciana<\/strong>\u00a0para obtener un alto sabor l\u00e1cteo, mayor cremosidad y cuerpo. Se recomienda utilizar crema\u00a0<strong>Mati\u00a0<\/strong>cuando se quiera una cremosidad y cuerpo est\u00e1ndar sin dejar una nota l\u00e1ctea en el paladar.<\/li>\n<\/ul>","protected":false},"excerpt":{"rendered":"<p>Para hornear pan dulce, boller\u00eda, postres, sustituto de natilla, libre de Gluten.<\/p>\n<p>\u200b*Local: CDMX, Estado de M\u00e9xico, Puebla Ciudad, Tlaxcala Ciudad, Cuernavaca, Quer\u00e9taro Ciudad.<\/p>\n<p>\u200b**For\u00e1neo: Resto del Pa\u00eds.\u200b<\/p>\n<p>***Solo ventas Nacionales.<\/p>\n<p><strong>&#8211; Checar las Promociones Vigentes directamente con el Asesor Comercial asignado.<\/strong><\/p>","protected":false},"featured_media":1204,"comment_status":"open","ping_status":"closed","template":"","meta":[],"product_cat":[83,82,27,70],"product_tag":[85,84],"_links":{"self":[{"href":"https:\/\/laveneciana.mx\/es_es\/wp-json\/wp\/v2\/product\/1200"}],"collection":[{"href":"https:\/\/laveneciana.mx\/es_es\/wp-json\/wp\/v2\/product"}],"about":[{"href":"https:\/\/laveneciana.mx\/es_es\/wp-json\/wp\/v2\/types\/product"}],"replies":[{"embeddable":true,"href":"https:\/\/laveneciana.mx\/es_es\/wp-json\/wp\/v2\/comments?post=1200"}],"version-history":[{"count":3,"href":"https:\/\/laveneciana.mx\/es_es\/wp-json\/wp\/v2\/product\/1200\/revisions"}],"predecessor-version":[{"id":4700,"href":"https:\/\/laveneciana.mx\/es_es\/wp-json\/wp\/v2\/product\/1200\/revisions\/4700"}],"wp:featuredmedia":[{"embeddable":true,"href":"https:\/\/laveneciana.mx\/es_es\/wp-json\/wp\/v2\/media\/1204"}],"wp:attachment":[{"href":"https:\/\/laveneciana.mx\/es_es\/wp-json\/wp\/v2\/media?parent=1200"}],"wp:term":[{"taxonomy":"product_cat","embeddable":true,"href":"https:\/\/laveneciana.mx\/es_es\/wp-json\/wp\/v2\/product_cat?post=1200"},{"taxonomy":"product_tag","embeddable":true,"href":"https:\/\/laveneciana.mx\/es_es\/wp-json\/wp\/v2\/product_tag?post=1200"}],"curies":[{"name":"wp","href":"https:\/\/api.w.org\/{rel}","templated":true}]}}