{"id":1470,"date":"2022-01-06T19:42:39","date_gmt":"2022-01-07T01:42:39","guid":{"rendered":"https:\/\/laveneciana.mx\/?post_type=product&#038;p=1470"},"modified":"2025-09-17T16:19:16","modified_gmt":"2025-09-17T22:19:16","slug":"venetian-donut","status":"publish","type":"product","link":"https:\/\/laveneciana.mx\/es_es\/producto\/venetian-donut","title":{"rendered":"Venetian Donut"},"content":{"rendered":"<p>Fondant cl\u00e1sico 100% az\u00facar, para roles, panqueler\u00eda, bizcochos, donas, cup cakes, no se pega a la envoltura.<\/p>\n<p>Es un producto a base de endulzantes cal\u00f3ricos (az\u00facar y glucosa), que se funde\u00a0al contacto con el calor a ba\u00f1o Mar\u00eda, microondas o marmita. Especial para donas y bizcocher\u00eda.<\/p>\n<p>\u200b*Local: CDMX, Estado de M\u00e9xico, Puebla Ciudad, Tlaxcala Ciudad, Cuernavaca, Quer\u00e9taro Ciudad.<\/p>\n<p>\u200b**For\u00e1neo: Resto del Pa\u00eds.<\/p>\n<p>***Solo ventas Nacionales<\/p>\n<p><strong>&#8211; Checar las Promociones Vigentes directamente con el Asesor Comercial asignado.<\/strong><\/p>","protected":false},"excerpt":{"rendered":"<p>Fondant cl\u00e1sico 100% az\u00facar, para roles, panqueler\u00eda, bizcochos, donas, cup cakes, no se pega a la envoltura.<\/p>\n<p>Es un producto a base de endulzantes cal\u00f3ricos (az\u00facar y glucosa), que se funde\u00a0al contacto con el calor a ba\u00f1o Mar\u00eda, microondas o marmita. Especial para donas y bizcocher\u00eda.<\/p>\n<p>\u200b*Local: CDMX, Estado de M\u00e9xico, Puebla Ciudad, Tlaxcala Ciudad, Cuernavaca, Quer\u00e9taro Ciudad.<\/p>\n<p>\u200b**For\u00e1neo: Resto del Pa\u00eds.<\/p>\n<p>***Solo ventas Nacionales<\/p>\n<p><strong>&#8211; Checar las Promociones Vigentes directamente con el Asesor Comercial asignado.<\/strong><\/p>","protected":false},"featured_media":1493,"comment_status":"open","ping_status":"closed","template":"","meta":[],"product_cat":[70,48],"product_tag":[126,128,57,124,59,31,33,125,127,130,123,129],"_links":{"self":[{"href":"https:\/\/laveneciana.mx\/es_es\/wp-json\/wp\/v2\/product\/1470"}],"collection":[{"href":"https:\/\/laveneciana.mx\/es_es\/wp-json\/wp\/v2\/product"}],"about":[{"href":"https:\/\/laveneciana.mx\/es_es\/wp-json\/wp\/v2\/types\/product"}],"replies":[{"embeddable":true,"href":"https:\/\/laveneciana.mx\/es_es\/wp-json\/wp\/v2\/comments?post=1470"}],"version-history":[{"count":2,"href":"https:\/\/laveneciana.mx\/es_es\/wp-json\/wp\/v2\/product\/1470\/revisions"}],"predecessor-version":[{"id":4295,"href":"https:\/\/laveneciana.mx\/es_es\/wp-json\/wp\/v2\/product\/1470\/revisions\/4295"}],"wp:featuredmedia":[{"embeddable":true,"href":"https:\/\/laveneciana.mx\/es_es\/wp-json\/wp\/v2\/media\/1493"}],"wp:attachment":[{"href":"https:\/\/laveneciana.mx\/es_es\/wp-json\/wp\/v2\/media?parent=1470"}],"wp:term":[{"taxonomy":"product_cat","embeddable":true,"href":"https:\/\/laveneciana.mx\/es_es\/wp-json\/wp\/v2\/product_cat?post=1470"},{"taxonomy":"product_tag","embeddable":true,"href":"https:\/\/laveneciana.mx\/es_es\/wp-json\/wp\/v2\/product_tag?post=1470"}],"curies":[{"name":"wp","href":"https:\/\/api.w.org\/{rel}","templated":true}]}}