{"id":1599,"date":"2022-01-07T15:49:11","date_gmt":"2022-01-07T21:49:11","guid":{"rendered":"https:\/\/laveneciana.mx\/?post_type=product&#038;p=1599"},"modified":"2025-09-18T16:05:39","modified_gmt":"2025-09-18T22:05:39","slug":"venetian-ole","status":"publish","type":"product","link":"https:\/\/laveneciana.mx\/es_es\/producto\/venetian-ole","title":{"rendered":"Venetian Ol\u00e9"},"content":{"rendered":"<p>L\u00ednea de aderezos con receta Mediterr\u00e1nea \/ Hierbas Finas \/ Chipotle.<\/p>\n<p>\u200b*Local: CDMX, Estado de M\u00e9xico, Puebla Ciudad, Tlaxcala Ciudad, Cuernavaca, Quer\u00e9taro Ciudad.<\/p>\n<p>\u200b**For\u00e1neo: Resto del Pa\u00eds.<\/p>\n<p>***Solo ventas Nacionales<\/p>\n<p><strong>&#8211; Checar las Promociones Vigentes directamente con el Asesor Comercial asignado.<\/strong><\/p>","protected":false},"excerpt":{"rendered":"<p>L\u00ednea de aderezos con receta Mediterr\u00e1nea \/ Hierbas Finas \/ Chipotle.<\/p>\n<p>\u200b*Local: CDMX, Estado de M\u00e9xico, Puebla Ciudad, Tlaxcala Ciudad, Cuernavaca, Quer\u00e9taro Ciudad.<\/p>\n<p>\u200b**For\u00e1neo: Resto del Pa\u00eds<\/p>\n<p>***Solo ventas Nacionales<\/p>\n<p><strong>&#8211; Checar las Promociones Vigentes directamente con el Asesor Comercial asignado.<\/strong><\/p>","protected":false},"featured_media":1612,"comment_status":"open","ping_status":"closed","template":"","meta":[],"product_cat":[70,136],"product_tag":[160,164,163,162,161],"_links":{"self":[{"href":"https:\/\/laveneciana.mx\/es_es\/wp-json\/wp\/v2\/product\/1599"}],"collection":[{"href":"https:\/\/laveneciana.mx\/es_es\/wp-json\/wp\/v2\/product"}],"about":[{"href":"https:\/\/laveneciana.mx\/es_es\/wp-json\/wp\/v2\/types\/product"}],"replies":[{"embeddable":true,"href":"https:\/\/laveneciana.mx\/es_es\/wp-json\/wp\/v2\/comments?post=1599"}],"version-history":[{"count":3,"href":"https:\/\/laveneciana.mx\/es_es\/wp-json\/wp\/v2\/product\/1599\/revisions"}],"predecessor-version":[{"id":4690,"href":"https:\/\/laveneciana.mx\/es_es\/wp-json\/wp\/v2\/product\/1599\/revisions\/4690"}],"wp:featuredmedia":[{"embeddable":true,"href":"https:\/\/laveneciana.mx\/es_es\/wp-json\/wp\/v2\/media\/1612"}],"wp:attachment":[{"href":"https:\/\/laveneciana.mx\/es_es\/wp-json\/wp\/v2\/media?parent=1599"}],"wp:term":[{"taxonomy":"product_cat","embeddable":true,"href":"https:\/\/laveneciana.mx\/es_es\/wp-json\/wp\/v2\/product_cat?post=1599"},{"taxonomy":"product_tag","embeddable":true,"href":"https:\/\/laveneciana.mx\/es_es\/wp-json\/wp\/v2\/product_tag?post=1599"}],"curies":[{"name":"wp","href":"https:\/\/api.w.org\/{rel}","templated":true}]}}