{"id":1677,"date":"2022-01-10T10:53:10","date_gmt":"2022-01-10T16:53:10","guid":{"rendered":"https:\/\/laveneciana.mx\/?post_type=product&#038;p=1677"},"modified":"2025-09-18T15:59:58","modified_gmt":"2025-09-18T21:59:58","slug":"venetian-a-t","status":"publish","type":"product","link":"https:\/\/laveneciana.mx\/es_es\/producto\/venetian-a-t","title":{"rendered":"Venetian A-T"},"content":{"rendered":"<p>Ate de mesa, ate en tiras para hornear, decorar roscas de reyes, panqueler\u00eda, bizcochos, rellenos de chocolate. etc&#8230;<\/p>\n<p>Producto obtenido por la cocci\u00f3n de fruta, sana, limpia y con el grado de madurez adecuado, (libre de recept\u00e1culos y ped\u00fanculos) ya sean fresca, conservada, deshidratada o congelada, adicionado de az\u00facar,\u00a0 agua, estabilizantes y pectina de consistencia s\u00f3lida.<\/p>\n<p>*Local: CDMX, Estado de M\u00e9xico, Puebla Ciudad, Tlaxcala Ciudad, Cuernavaca, Quer\u00e9taro Ciudad.<\/p>\n<p>\u200b**For\u00e1neo: Resto del Pa\u00eds.<\/p>\n<p>***Solo ventas Nacionales<\/p>\n<p><strong>&#8211; Checar las Promociones Vigentes directamente con el Asesor Comercial asignado.<\/strong><\/p>","protected":false},"excerpt":{"rendered":"<p>Ate de mesa, ate en tiras para hornear, decorar roscas de reyes, panqueler\u00eda, bizcochos, rellenos de chocolate. etc.<\/p>\n<p>Producto obtenido por la cocci\u00f3n de fruta, sana, limpia y con el grado de madurez adecuado, (libre de recept\u00e1culos y ped\u00fanculos) ya sean fresca, conservada, deshidratada o congelada, adicionado de az\u00facar,\u00a0 agua, estabilizantes y pectina de consistencia s\u00f3lida.<\/p>\n<p>*Local: CDMX, Estado de M\u00e9xico, Puebla Ciudad, Tlaxcala Ciudad, Cuernavaca, Quer\u00e9taro Ciudad.<\/p>\n<p>\u200b**For\u00e1neo: Resto del Pa\u00eds.<\/p>\n<p>***Solo ventas Nacionales<\/p>\n<p><strong>&#8211; Checar las Promociones Vigentes directamente con el Asesor Comercial asignado.<\/strong><\/p>","protected":false},"featured_media":894,"comment_status":"open","ping_status":"closed","template":"","meta":[],"product_cat":[70,66],"product_tag":[168,166,167,165,52,50,170,169,51,171],"_links":{"self":[{"href":"https:\/\/laveneciana.mx\/es_es\/wp-json\/wp\/v2\/product\/1677"}],"collection":[{"href":"https:\/\/laveneciana.mx\/es_es\/wp-json\/wp\/v2\/product"}],"about":[{"href":"https:\/\/laveneciana.mx\/es_es\/wp-json\/wp\/v2\/types\/product"}],"replies":[{"embeddable":true,"href":"https:\/\/laveneciana.mx\/es_es\/wp-json\/wp\/v2\/comments?post=1677"}],"version-history":[{"count":2,"href":"https:\/\/laveneciana.mx\/es_es\/wp-json\/wp\/v2\/product\/1677\/revisions"}],"predecessor-version":[{"id":4689,"href":"https:\/\/laveneciana.mx\/es_es\/wp-json\/wp\/v2\/product\/1677\/revisions\/4689"}],"wp:featuredmedia":[{"embeddable":true,"href":"https:\/\/laveneciana.mx\/es_es\/wp-json\/wp\/v2\/media\/894"}],"wp:attachment":[{"href":"https:\/\/laveneciana.mx\/es_es\/wp-json\/wp\/v2\/media?parent=1677"}],"wp:term":[{"taxonomy":"product_cat","embeddable":true,"href":"https:\/\/laveneciana.mx\/es_es\/wp-json\/wp\/v2\/product_cat?post=1677"},{"taxonomy":"product_tag","embeddable":true,"href":"https:\/\/laveneciana.mx\/es_es\/wp-json\/wp\/v2\/product_tag?post=1677"}],"curies":[{"name":"wp","href":"https:\/\/api.w.org\/{rel}","templated":true}]}}