{"id":2042,"date":"2022-01-18T16:48:55","date_gmt":"2022-01-18T22:48:55","guid":{"rendered":"https:\/\/laveneciana.mx\/?post_type=product&#038;p=2042"},"modified":"2025-09-18T15:25:56","modified_gmt":"2025-09-18T21:25:56","slug":"glasse-mati","status":"publish","type":"product","link":"https:\/\/laveneciana.mx\/es_es\/producto\/glasse-mati","title":{"rendered":"Glass\u00e9 &#8211; Mati"},"content":{"rendered":"<p>Aplicaciones y decorados de pasteles, protege las frutas, aumenta vida de anaquel, libre de Gluten.<\/p>\n<p>*Local: CDMX, Estado de M\u00e9xico, Puebla Ciudad, Tlaxcala Ciudad, Cuernavaca, Quer\u00e9taro Ciudad.<\/p>\n<p>\u200b**For\u00e1neo: Resto del Pa\u00eds.<\/p>\n<p>***Solo ventas Nacionales<\/p>\n<p><strong>&#8211; Checar las Promociones Vigentes directamente con el Asesor Comercial asignado.<\/strong><\/p>","protected":false},"excerpt":{"rendered":"<p>El\u00a0<strong>glass\u00e9\u00a0<\/strong>se utiliza para decorar la pasteler\u00eda y dar mayor vida de anaquel a la fruta. Los postres contar\u00e1n con una mejor vista adem\u00e1s de conseguir un sabor m\u00e1s rico, intensificando el olor de las frutas en el pastel.<\/p>\n<ul>\n<li>Caracter\u00edsticas: Sabor y olor afrutado, da mejor vista al decorado. Vida de anaquel seis meses con el empaque cerrado..<\/li>\n<li>Aplicaciones: Decora y resalta frutas en pays, pasteles, mousses, tartaletas y petit fours, aumentado potencialmente el sabor, olor y brillo. Se puede utilizar para pegar el decorado en los productos.<\/li>\n<li>Recomendaciones: Se recomienda utilizar el glass\u00e9\u00a0<strong>La Veneciana<\/strong>\u00a0para obtener una vida de anaquel hasta de 96 horas. Se recomienda utilizar el glass\u00e9\u00a0<strong>Mati<\/strong>\u00a0para obtener una vida de anaquel de hasta 72 horas.<\/li>\n<\/ul>","protected":false},"featured_media":817,"comment_status":"open","ping_status":"closed","template":"","meta":[],"product_cat":[189,188,71],"product_tag":[30,101,36,37,39,38,100,41,40,44,43],"_links":{"self":[{"href":"https:\/\/laveneciana.mx\/es_es\/wp-json\/wp\/v2\/product\/2042"}],"collection":[{"href":"https:\/\/laveneciana.mx\/es_es\/wp-json\/wp\/v2\/product"}],"about":[{"href":"https:\/\/laveneciana.mx\/es_es\/wp-json\/wp\/v2\/types\/product"}],"replies":[{"embeddable":true,"href":"https:\/\/laveneciana.mx\/es_es\/wp-json\/wp\/v2\/comments?post=2042"}],"version-history":[{"count":4,"href":"https:\/\/laveneciana.mx\/es_es\/wp-json\/wp\/v2\/product\/2042\/revisions"}],"predecessor-version":[{"id":4683,"href":"https:\/\/laveneciana.mx\/es_es\/wp-json\/wp\/v2\/product\/2042\/revisions\/4683"}],"wp:featuredmedia":[{"embeddable":true,"href":"https:\/\/laveneciana.mx\/es_es\/wp-json\/wp\/v2\/media\/817"}],"wp:attachment":[{"href":"https:\/\/laveneciana.mx\/es_es\/wp-json\/wp\/v2\/media?parent=2042"}],"wp:term":[{"taxonomy":"product_cat","embeddable":true,"href":"https:\/\/laveneciana.mx\/es_es\/wp-json\/wp\/v2\/product_cat?post=2042"},{"taxonomy":"product_tag","embeddable":true,"href":"https:\/\/laveneciana.mx\/es_es\/wp-json\/wp\/v2\/product_tag?post=2042"}],"curies":[{"name":"wp","href":"https:\/\/api.w.org\/{rel}","templated":true}]}}