{"id":2632,"date":"2022-01-25T11:54:13","date_gmt":"2022-01-25T17:54:13","guid":{"rendered":"https:\/\/laveneciana.mx\/?post_type=product&#038;p=2632"},"modified":"2025-09-18T15:05:08","modified_gmt":"2025-09-18T21:05:08","slug":"mermesuaves-meven","status":"publish","type":"product","link":"https:\/\/laveneciana.mx\/es_es\/producto\/mermesuaves-meven","title":{"rendered":"Mermesuaves &#8211; Meven"},"content":{"rendered":"<p>Mermelada de mesa untable en fr\u00edo para cremer\u00edas, abarrotes, food service, hoteles, cafeter\u00edas y Restaurantes<\/p>\n<p>Producto alimenticio obtenido por la cocci\u00f3n y concentraci\u00f3n del jugo y de la pulpa de frutos, sanos, limpios y con el grado de madurez adecuado ya sean frescos o congelados, adicionados de az\u00facar u otros edulcorantes naturales, y agua, adicionados o no de ingredientes opcionales y aditivos permitidos.<\/p>\n<p><strong>&#8211; Checar las Promociones Vigentes directamente con el Asesor Comercial asignado.<\/strong><\/p>","protected":false},"excerpt":{"rendered":"<p>Mermelada de mesa untable en fr\u00edo para cremer\u00edas, abarrotes, food service, hoteles, cafeter\u00edas y Restaurantes<\/p>\n<p>Producto alimenticio obtenido por la cocci\u00f3n y concentraci\u00f3n del jugo y de la pulpa de frutos, sanos, limpios y con el grado de madurez adecuado ya sean frescos o congelados, adicionados de az\u00facar u otros edulcorantes naturales, y agua, adicionados o no de ingredientes opcionales y aditivos permitidos.<\/p>\n<p><strong>&#8211; Checar las Promociones Vigentes directamente con el Asesor Comercial asignado.<\/strong><\/p>","protected":false},"featured_media":821,"comment_status":"open","ping_status":"closed","template":"","meta":[],"product_cat":[199,197],"product_tag":[53,31,49],"_links":{"self":[{"href":"https:\/\/laveneciana.mx\/es_es\/wp-json\/wp\/v2\/product\/2632"}],"collection":[{"href":"https:\/\/laveneciana.mx\/es_es\/wp-json\/wp\/v2\/product"}],"about":[{"href":"https:\/\/laveneciana.mx\/es_es\/wp-json\/wp\/v2\/types\/product"}],"replies":[{"embeddable":true,"href":"https:\/\/laveneciana.mx\/es_es\/wp-json\/wp\/v2\/comments?post=2632"}],"version-history":[{"count":1,"href":"https:\/\/laveneciana.mx\/es_es\/wp-json\/wp\/v2\/product\/2632\/revisions"}],"predecessor-version":[{"id":2642,"href":"https:\/\/laveneciana.mx\/es_es\/wp-json\/wp\/v2\/product\/2632\/revisions\/2642"}],"wp:featuredmedia":[{"embeddable":true,"href":"https:\/\/laveneciana.mx\/es_es\/wp-json\/wp\/v2\/media\/821"}],"wp:attachment":[{"href":"https:\/\/laveneciana.mx\/es_es\/wp-json\/wp\/v2\/media?parent=2632"}],"wp:term":[{"taxonomy":"product_cat","embeddable":true,"href":"https:\/\/laveneciana.mx\/es_es\/wp-json\/wp\/v2\/product_cat?post=2632"},{"taxonomy":"product_tag","embeddable":true,"href":"https:\/\/laveneciana.mx\/es_es\/wp-json\/wp\/v2\/product_tag?post=2632"}],"curies":[{"name":"wp","href":"https:\/\/api.w.org\/{rel}","templated":true}]}}