{"id":418,"date":"2021-12-02T19:01:55","date_gmt":"2021-12-03T01:01:55","guid":{"rendered":"https:\/\/laveneciana.mx\/?post_type=product&#038;p=418"},"modified":"2025-09-19T13:19:37","modified_gmt":"2025-09-19T19:19:37","slug":"pasta-dulce-de-castanas","status":"publish","type":"product","link":"https:\/\/laveneciana.mx\/es_es\/producto\/pasta-dulce-de-castanas","title":{"rendered":"Pasta Dulce de Casta\u00f1as"},"content":{"rendered":"<p>Se trata de una pasta dulce de consistencia similar a una mermelada elaborada con restos de\u00a0<em>marrons glac\u00e9s<\/em>, pulpa de casta\u00f1as cocidas al vapor, alm\u00edbar, az\u00facar y vainilla.<\/p>\n<p>\u200b*Local: CDMX, Estado de M\u00e9xico, Puebla Ciudad, Tlaxcala Ciudad, Cuernavaca, Quer\u00e9taro Ciudad.<\/p>\n<p>\u200b**For\u00e1neo: Resto del Pa\u00eds.<\/p>\n<p>***Solo ventas Nacionales<\/p>\n<p><strong>&#8211; Checar las Promociones Vigentes directamente con el Asesor Comercial asignado.<\/strong><\/p>","protected":false},"excerpt":{"rendered":"<p>Se trata de una pasta dulce de consistencia similar a una mermelada elaborada con restos de\u00a0<em>marrons glac\u00e9s<\/em>, pulpa de casta\u00f1as cocidas al vapor, alm\u00edbar, az\u00facar y vainilla.<\/p>\n<p>\u200b*Local: CDMX, Estado de M\u00e9xico, Puebla Ciudad, Tlaxcala Ciudad, Cuernavaca, Quer\u00e9taro Ciudad.<\/p>\n<p>\u200b**For\u00e1neo: Resto del Pa\u00eds.<\/p>\n<p>***Solo ventas Nacionales<\/p>\n<p><strong>&#8211; Checar las Promociones Vigentes directamente con el Asesor Comercial asignado.<\/strong><\/p>","protected":false},"featured_media":522,"comment_status":"open","ping_status":"closed","template":"","meta":[],"product_cat":[70,46],"product_tag":[138,137],"_links":{"self":[{"href":"https:\/\/laveneciana.mx\/es_es\/wp-json\/wp\/v2\/product\/418"}],"collection":[{"href":"https:\/\/laveneciana.mx\/es_es\/wp-json\/wp\/v2\/product"}],"about":[{"href":"https:\/\/laveneciana.mx\/es_es\/wp-json\/wp\/v2\/types\/product"}],"replies":[{"embeddable":true,"href":"https:\/\/laveneciana.mx\/es_es\/wp-json\/wp\/v2\/comments?post=418"}],"version-history":[{"count":1,"href":"https:\/\/laveneciana.mx\/es_es\/wp-json\/wp\/v2\/product\/418\/revisions"}],"predecessor-version":[{"id":421,"href":"https:\/\/laveneciana.mx\/es_es\/wp-json\/wp\/v2\/product\/418\/revisions\/421"}],"wp:featuredmedia":[{"embeddable":true,"href":"https:\/\/laveneciana.mx\/es_es\/wp-json\/wp\/v2\/media\/522"}],"wp:attachment":[{"href":"https:\/\/laveneciana.mx\/es_es\/wp-json\/wp\/v2\/media?parent=418"}],"wp:term":[{"taxonomy":"product_cat","embeddable":true,"href":"https:\/\/laveneciana.mx\/es_es\/wp-json\/wp\/v2\/product_cat?post=418"},{"taxonomy":"product_tag","embeddable":true,"href":"https:\/\/laveneciana.mx\/es_es\/wp-json\/wp\/v2\/product_tag?post=418"}],"curies":[{"name":"wp","href":"https:\/\/api.w.org\/{rel}","templated":true}]}}