{"id":430,"date":"2021-12-02T19:16:31","date_gmt":"2021-12-03T01:16:31","guid":{"rendered":"https:\/\/laveneciana.mx\/?post_type=product&#038;p=430"},"modified":"2026-01-14T12:24:55","modified_gmt":"2026-01-14T18:24:55","slug":"caja-surtida-venetian-donut-colors","status":"publish","type":"product","link":"https:\/\/laveneciana.mx\/es_es\/producto\/caja-surtida-venetian-donut-colors","title":{"rendered":"Caja Surtida Venetian Donut Colors"},"content":{"rendered":"<p>Fondant cl\u00e1sico 100% az\u00facar, para roles, panqueler\u00eda, bizcochos, donas, cup cakes, no se pega a la envoltura.<\/p>\n<p>Es un producto a base de endulzantes cal\u00f3ricos (az\u00facar y glucosa), que se funde\u00a0al contacto con el calor a ba\u00f1o Mar\u00eda, microondas o marmita. Especial para donas y bizcocher\u00eda.<\/p>\n<p>Sabores: Vainilla, Cereza, Blue Berry, Lim\u00f3n, Fresa y Blanco<\/p>\n<p>\u200b*Local: CDMX, Estado de M\u00e9xico, Puebla Ciudad, Tlaxcala Ciudad, Cuernavaca, Quer\u00e9taro Ciudad.<\/p>\n<p>\u200b**For\u00e1neo: Resto del Pa\u00eds.<\/p>\n<p>***Solo ventas Nacionales<\/p>\n<p><strong>&#8211; Checar las Promociones Vigentes directamente con el Asesor Comercial asignado.<\/strong><\/p>","protected":false},"excerpt":{"rendered":"<p>Fondant cl\u00e1sico 100% az\u00facar, para roles, panqueler\u00eda, bizcochos, donas, cup cakes, no se pega a la envoltura.<\/p>\n<p>Es un producto a base de endulzantes cal\u00f3ricos (az\u00facar y glucosa), que se funde al contacto con el calor a ba\u00f1o Mar\u00eda, microondas o marmita. Especial para donas y bizcocher\u00eda..<\/p>\n<p>Sabores: Vainilla, Cereza, Blue Berry, Lim\u00f3n, Fresa y Blanco<\/p>\n<p>\u200b*Local: CDMX, Estado de M\u00e9xico, Puebla Ciudad, Tlaxcala Ciudad, Cuernavaca, Quer\u00e9taro Ciudad.<\/p>\n<p>\u200b**For\u00e1neo: Resto del Pa\u00eds.<\/p>\n<p>***Solo ventas Nacionales<\/p>\n<p><strong>&#8211; Checar las Promociones Vigentes directamente con el Asesor Comercial asignado.<\/strong><\/p>","protected":false},"featured_media":5113,"comment_status":"open","ping_status":"closed","template":"","meta":[],"product_cat":[70,48],"product_tag":[],"_links":{"self":[{"href":"https:\/\/laveneciana.mx\/es_es\/wp-json\/wp\/v2\/product\/430"}],"collection":[{"href":"https:\/\/laveneciana.mx\/es_es\/wp-json\/wp\/v2\/product"}],"about":[{"href":"https:\/\/laveneciana.mx\/es_es\/wp-json\/wp\/v2\/types\/product"}],"replies":[{"embeddable":true,"href":"https:\/\/laveneciana.mx\/es_es\/wp-json\/wp\/v2\/comments?post=430"}],"version-history":[{"count":3,"href":"https:\/\/laveneciana.mx\/es_es\/wp-json\/wp\/v2\/product\/430\/revisions"}],"predecessor-version":[{"id":5114,"href":"https:\/\/laveneciana.mx\/es_es\/wp-json\/wp\/v2\/product\/430\/revisions\/5114"}],"wp:featuredmedia":[{"embeddable":true,"href":"https:\/\/laveneciana.mx\/es_es\/wp-json\/wp\/v2\/media\/5113"}],"wp:attachment":[{"href":"https:\/\/laveneciana.mx\/es_es\/wp-json\/wp\/v2\/media?parent=430"}],"wp:term":[{"taxonomy":"product_cat","embeddable":true,"href":"https:\/\/laveneciana.mx\/es_es\/wp-json\/wp\/v2\/product_cat?post=430"},{"taxonomy":"product_tag","embeddable":true,"href":"https:\/\/laveneciana.mx\/es_es\/wp-json\/wp\/v2\/product_tag?post=430"}],"curies":[{"name":"wp","href":"https:\/\/api.w.org\/{rel}","templated":true}]}}